{"id":23,"date":"2020-04-25T21:20:47","date_gmt":"2020-04-25T21:20:47","guid":{"rendered":"http:\/\/empresas.ibae.com.br\/?page_id=2"},"modified":"2020-04-25T21:20:47","modified_gmt":"2020-04-25T21:20:47","slug":"mentoria","status":"publish","type":"page","link":"https:\/\/empresas.ibae.com.br\/index.php\/mentoria\/","title":{"rendered":"Mentoria de Neg\u00f3cios"},"content":{"rendered":"<p><img loading=\"lazy\" class=\"size-medium wp-image-221 alignleft\" src=\"http:\/\/empresas.ibae.com.br\/wp-content\/uploads\/2020\/04\/CAMPANHA-300x300.jpeg\" alt=\"\" width=\"300\" height=\"300\" \/>Este projeto foi fruto do nosso grupo de <strong>Mentoria de Neg\u00f3cios<\/strong>, com o prop\u00f3sito de divulgar os profissionais e as empresas dos membros da Igreja Batista Alian\u00e7a Eterna.<\/p>\n<p>Uma das a\u00e7\u00f5es da mentoria, foi a cria\u00e7\u00e3o da campanha para divulga\u00e7\u00e3o das empresas em um portal centralizado, visando assim apresentar para os membros da igreja e a comunidade relacionada, quais s\u00e3o as empresas e profissionais que neste momento precisam de nossa ajuda e prefer\u00eancia.<\/p>\n<p>Ajude nesta campanha divulgando-a para seus amigos e familiares, em suas redes sociais e principalmente, adquirindo produtos e servi\u00e7os de nossos irm\u00e3os.<\/p>\n<p>Se voc\u00ea \u00e9 profissional ou empres\u00e1rio e quer fazer parte desta campanha, envie um email para <a href=\"mailto:comunicacao@ibae.com.br\">comunicacao@ibae.com.br<\/a>.<\/p>\n<p>Ou entre em contato conosco\u00a0<a href=\"https:\/\/wa.me\/5511963506381\"><img loading=\"lazy\" class=\"alignnone size-full wp-image-185\" src=\"http:\/\/empresas.ibae.com.br\/wp-content\/uploads\/2020\/04\/icons8-whatsapp-48.png\" alt=\"\" width=\"48\" height=\"48\" \/><\/a><\/p>\n ","protected":false},"excerpt":{"rendered":"<p>Este projeto foi fruto do nosso grupo de Mentoria de Neg\u00f3cios, com o prop\u00f3sito de divulgar os profissionais e as empresas dos membros da Igreja Batista Alian\u00e7a Eterna. Uma das a\u00e7\u00f5es da mentoria, foi a cria\u00e7\u00e3o da campanha para divulga\u00e7\u00e3o das empresas em um portal centralizado, visando assim apresentar para os membros da igreja e [&hellip;]<\/p>\n","protected":false},"author":1,"featured_media":0,"parent":0,"menu_order":0,"comment_status":"closed","ping_status":"open","template":"","meta":[],"_links":{"self":[{"href":"https:\/\/empresas.ibae.com.br\/index.php\/wp-json\/wp\/v2\/pages\/23"}],"collection":[{"href":"https:\/\/empresas.ibae.com.br\/index.php\/wp-json\/wp\/v2\/pages"}],"about":[{"href":"https:\/\/empresas.ibae.com.br\/index.php\/wp-json\/wp\/v2\/types\/page"}],"author":[{"embeddable":true,"href":"https:\/\/empresas.ibae.com.br\/index.php\/wp-json\/wp\/v2\/users\/1"}],"replies":[{"embeddable":true,"href":"https:\/\/empresas.ibae.com.br\/index.php\/wp-json\/wp\/v2\/comments?post=23"}],"version-history":[{"count":0,"href":"https:\/\/empresas.ibae.com.br\/index.php\/wp-json\/wp\/v2\/pages\/23\/revisions"}],"wp:attachment":[{"href":"https:\/\/empresas.ibae.com.br\/index.php\/wp-json\/wp\/v2\/media?parent=23"}],"curies":[{"name":"wp","href":"https:\/\/api.w.org\/{rel}","templated":true}]}}