{"id":7,"date":"2020-05-18T19:48:40","date_gmt":"2020-05-18T22:48:40","guid":{"rendered":"http:\/\/empresas.ibae.com.br\/?page_id=7"},"modified":"2020-05-18T23:25:45","modified_gmt":"2020-05-19T02:25:45","slug":"contato","status":"publish","type":"page","link":"https:\/\/empresas.ibae.com.br\/index.php\/contato\/","title":{"rendered":"Contato"},"content":{"rendered":"<p><b>Maiores Informa\u00e7\u00f5es: (11) &#8211; 4817-1362<\/b><br \/>Rua Acre 191, Vila Didi &#8211; Jundia\u00ed \/SP<\/p>\n<p>www.ibae.com.br<\/p>\n ","protected":false},"excerpt":{"rendered":"<p>Maiores Informa\u00e7\u00f5es: (11) &#8211; 4817-1362Rua Acre 191, Vila Didi &#8211; Jundia\u00ed \/SP www.ibae.com.br<\/p>\n","protected":false},"author":1,"featured_media":0,"parent":0,"menu_order":0,"comment_status":"closed","ping_status":"closed","template":"","meta":[],"_links":{"self":[{"href":"https:\/\/empresas.ibae.com.br\/index.php\/wp-json\/wp\/v2\/pages\/7"}],"collection":[{"href":"https:\/\/empresas.ibae.com.br\/index.php\/wp-json\/wp\/v2\/pages"}],"about":[{"href":"https:\/\/empresas.ibae.com.br\/index.php\/wp-json\/wp\/v2\/types\/page"}],"author":[{"embeddable":true,"href":"https:\/\/empresas.ibae.com.br\/index.php\/wp-json\/wp\/v2\/users\/1"}],"replies":[{"embeddable":true,"href":"https:\/\/empresas.ibae.com.br\/index.php\/wp-json\/wp\/v2\/comments?post=7"}],"version-history":[{"count":3,"href":"https:\/\/empresas.ibae.com.br\/index.php\/wp-json\/wp\/v2\/pages\/7\/revisions"}],"predecessor-version":[{"id":538,"href":"https:\/\/empresas.ibae.com.br\/index.php\/wp-json\/wp\/v2\/pages\/7\/revisions\/538"}],"wp:attachment":[{"href":"https:\/\/empresas.ibae.com.br\/index.php\/wp-json\/wp\/v2\/media?parent=7"}],"curies":[{"name":"wp","href":"https:\/\/api.w.org\/{rel}","templated":true}]}}